{"id":1181,"date":"2019-11-17T15:32:04","date_gmt":"2019-11-17T15:32:04","guid":{"rendered":"https:\/\/makerprojekte.de\/versandarten\/"},"modified":"2019-11-24T07:37:42","modified_gmt":"2019-11-24T07:37:42","slug":"versandarten","status":"publish","type":"page","link":"https:\/\/makerprojekte.de\/en\/versandarten\/","title":{"rendered":"Versandarten"},"content":{"rendered":"\n<p>Es gelten folgende Bedingungen:<\/p>\n<p><strong>Versandbedingungen<\/strong><\/p>\n<p>Die Lieferung erfolgt innerhalb Deutschlands und in die nachstehenden L\u00e4nder: Albanien, Belgien, Bosnien und Herzegowina, Bulgarien, D\u00e4nemark, Estland, Finnland, Frankreich, Griechenland, Gro\u00dfbritannien, Irland, Island, Italien, Kasachstan, Kosovo, Kroatien, Lettland, Liechtenstein, Litauen, Luxemburg, Malta, Mazedonien, Moldawien, Montenegro, Niederlande, Norwegen, \u00d6sterreich, Polen, Rum\u00e4nien, Russland, Schweden, Schweiz, Serbien, Slowakei, Slowenien, Spanien, Tschechien, T\u00fcrkei, Ukraine, Ungarn, Wei\u00dfrussland mit einem DHL Brief.<\/p>\n<p><strong>Versandkosten (inklusive gesetzliche Mehrwertsteuer)<\/strong><\/p>\n<p><strong>Lieferungen innerhalb Deutschlands:<\/strong><\/p>\n<p>F\u00fcr alle Lieferungen berechnen wir die Versandkosten pauschal mit 1,80 \u20ac pro Bestellung.<\/p>\n<p><strong>Lieferungen ins Ausland:<\/strong><\/p>\n<p>F\u00fcr die Versandart &#8220;Standard Versand&#8221; berechnen wir die Versandkosten pauschal mit 3,95 \u20ac pro Bestellung.<\/p>\n<p><strong>Lieferung von Download-Produkten:<\/strong><br \/><br \/>F\u00fcr Download-Produkte (digitale Inhalte, die nicht auf einem k\u00f6rperlichen Datentr\u00e4ger geliefert werden) fallen keine Versandkosten an.<br \/><br \/>Download-Produkte k\u00f6nnen Sie \u00fcber einen per E-Mail mitgeteilten Link herunterladen.<\/p>\n<p>Die Versendung dieser E-Mail mit Zugangsdaten zur Ausf\u00fchrung des Downloads erfolgt innerhalb von 24 Stunden nach Vertragsschluss (bei vereinbarter Vorauszahlung nach dem Zeitpunkt Ihrer Zahlungsanweisung).<br \/><br \/><strong>Lieferfristen<\/strong><br \/><br \/>Soweit im jeweiligen Angebot keine andere Frist angegeben ist, erfolgt die Lieferung der Ware im Inland (Deutschland) innerhalb von 2-3 Tagen, bei Auslandslieferungen innerhalb von 2-4 Tagen nach Vertragsschluss (bei vereinbarter Vorauszahlung nach dem Zeitpunkt Ihrer Zahlungsanweisung).<\/p>\n<p>Beachten Sie, dass an Sonn- und Feiertagen keine Zustellung erfolgt.<br \/>Haben Sie Artikel mit unterschiedlichen Lieferzeiten bestellt, versenden wir die Ware in einer gemeinsamen Sendung, sofern wir keine abweichenden Vereinbarungen mit Ihnen getroffen haben. Die Lieferzeit bestimmt sich in diesem Fall nach dem Artikel mit der l\u00e4ngsten Lieferzeit den Sie bestellt haben.<br \/><br \/>Bei Fragen finden Sie unsere Kontaktdaten im Impressum.<\/p>\n","protected":false},"excerpt":{"rendered":"<p>Es gelten folgende Bedingungen: Versandbedingungen Die Lieferung erfolgt innerhalb Deutschlands und in die nachstehenden L\u00e4nder: Albanien, Belgien, Bosnien und Herzegowina, Bulgarien, D\u00e4nemark, Estland, Finnland, Frankreich, Griechenland, Gro\u00dfbritannien, Irland, Island, Italien, Kasachstan, Kosovo, Kroatien, Lettland, Liechtenstein, Litauen, Luxemburg, Malta, Mazedonien, Moldawien, Montenegro, Niederlande, Norwegen, \u00d6sterreich, Polen, Rum\u00e4nien, Russland, Schweden, Schweiz, Serbien, Slowakei, Slowenien, Spanien, Tschechien, T\u00fcrkei, &hellip; <a href=\"https:\/\/makerprojekte.de\/en\/versandarten\/\" class=\"more-link\">Continue reading<span class=\"screen-reader-text\"> &#8220;Versandarten&#8221;<\/span><\/a><\/p>\n","protected":false},"author":1,"featured_media":0,"parent":0,"menu_order":0,"comment_status":"closed","ping_status":"closed","template":"","meta":{"footnotes":""},"class_list":["post-1181","page","type-page","status-publish","hentry"],"_links":{"self":[{"href":"https:\/\/makerprojekte.de\/en\/wp-json\/wp\/v2\/pages\/1181","targetHints":{"allow":["GET"]}}],"collection":[{"href":"https:\/\/makerprojekte.de\/en\/wp-json\/wp\/v2\/pages"}],"about":[{"href":"https:\/\/makerprojekte.de\/en\/wp-json\/wp\/v2\/types\/page"}],"author":[{"embeddable":true,"href":"https:\/\/makerprojekte.de\/en\/wp-json\/wp\/v2\/users\/1"}],"replies":[{"embeddable":true,"href":"https:\/\/makerprojekte.de\/en\/wp-json\/wp\/v2\/comments?post=1181"}],"version-history":[{"count":2,"href":"https:\/\/makerprojekte.de\/en\/wp-json\/wp\/v2\/pages\/1181\/revisions"}],"predecessor-version":[{"id":1208,"href":"https:\/\/makerprojekte.de\/en\/wp-json\/wp\/v2\/pages\/1181\/revisions\/1208"}],"wp:attachment":[{"href":"https:\/\/makerprojekte.de\/en\/wp-json\/wp\/v2\/media?parent=1181"}],"curies":[{"name":"wp","href":"https:\/\/api.w.org\/{rel}","templated":true}]}}